{"id":4633,"date":"2021-01-04T12:03:19","date_gmt":"2021-01-04T11:03:19","guid":{"rendered":"http:\/\/detransportcompagnon.nl\/csr\/"},"modified":"2021-11-05T07:14:34","modified_gmt":"2021-11-05T06:14:34","slug":"csr","status":"publish","type":"page","link":"https:\/\/detransportcompagnon.nl\/de\/csr\/","title":{"rendered":"CSR"},"content":{"rendered":"<div id=\"pl-4633\"  class=\"panel-layout\" ><div id=\"pg-4633-0\"  class=\"panel-grid panel-has-style\" ><div class=\"panel-row-style panel-row-style-for-4633-0\" ><div id=\"pgc-4633-0-0\"  class=\"panel-grid-cell\" ><div id=\"panel-4633-0-0-0\" class=\"so-panel widget widget_sow-editor panel-first-child panel-last-child\" data-index=\"0\" ><div\n\t\t\t\n\t\t\tclass=\"so-widget-sow-editor so-widget-sow-editor-base\"\n\t\t\t\n\t\t>\n<div class=\"siteorigin-widget-tinymce textwidget\">\n\t<h1><u>Der<\/u> Transport-Partner &amp; CSR<\/h1>\n<p>F\u00fcr optimales Wohlbefinden der Menschen und aus Umweltschutzgr\u00fcnden achten wir auf die folgenden 3 S\u00e4ulen:<\/p>\n<\/div>\n<\/div><\/div><\/div><div id=\"pgc-4633-0-1\"  class=\"panel-grid-cell\" ><div id=\"panel-4633-0-1-0\" class=\"so-panel widget widget_sow-editor panel-first-child panel-last-child\" data-index=\"1\" ><div\n\t\t\t\n\t\t\tclass=\"so-widget-sow-editor so-widget-sow-editor-base\"\n\t\t\t\n\t\t>\n<div class=\"siteorigin-widget-tinymce textwidget\">\n\t<p><iframe src=\"\/\/www.youtube.com\/embed\/EYfvsjji47c\" width=\"560\" height=\"314\" allowfullscreen=\"allowfullscreen\"><\/iframe><\/p>\n<\/div>\n<\/div><\/div><\/div><\/div><\/div><div id=\"pg-4633-1\"  class=\"panel-grid panel-has-style\" ><div class=\"panel-row-style panel-row-style-for-4633-1\" ><div id=\"pgc-4633-1-0\"  class=\"panel-grid-cell\" ><div id=\"panel-4633-1-0-0\" class=\"so-panel widget widget_sow-editor panel-first-child panel-last-child\" data-index=\"2\" ><div\n\t\t\t\n\t\t\tclass=\"so-widget-sow-editor so-widget-sow-editor-base\"\n\t\t\t\n\t\t>\n<div class=\"siteorigin-widget-tinymce textwidget\">\n\t<h1 style=\"text-align: left;\">Planet<\/h1>\n<p>Wir fahren keine Zugmaschinen unter der EURO-VI-Norm. Unsere Fahrer erhalten jedes Jahr ein Fahrtraining und werden w\u00f6chentlich \u00fcber ihre Leistungen beim Kraftstoffverbrauch informiert. Gleichzeitig setzen wir auch Zugmaschinen ein, die ausschlie\u00dflich mit dem nicht fossilen Kraftstoff HVO (hydriertes Pflanzen\u00f6l) fahren, mit dem eine CO2-Reduzierung von gut 90\u00a0% erzielt werden kann.<\/p>\n<p>Wir investieren kontinuierlich in neue Fahrzeuge (Anh\u00e4nger), um maximal von technischen Innovationen zu profitieren. Unsere Zugmaschinen und Aufliegerkombinationen werden mit R\u00fcckfahrkameras ausgestattet und zudem investieren wir in Systeme, die den Direct Vision Standard (DVS) erf\u00fcllen. Dar\u00fcber hinaus sind alle Schubb\u00f6den standardm\u00e4\u00dfig mit Funkfernbedienungen, Abfallverkleidungen und anderen Extras ausgestattet, wobei Benutzerfreundlichkeit, Sicherheit und Schutz der Fahrzeuge im Mittelpunkt stehen.<\/p>\n<\/div>\n<\/div><\/div><\/div><div id=\"pgc-4633-1-1\"  class=\"panel-grid-cell\" ><div id=\"panel-4633-1-1-0\" class=\"so-panel widget widget_sow-image panel-first-child panel-last-child\" data-index=\"3\" ><div\n\t\t\t\n\t\t\tclass=\"so-widget-sow-image so-widget-sow-image-default-8b5b6f678277-4633\"\n\t\t\t data-overlay-enabled=\"1\" data-overlay-settings=\"{&quot;enabled_for_widgets&quot;:[&quot;sow-image&quot;,&quot;sow-image-grid&quot;,&quot;sow-simple-masonry&quot;],&quot;theme&quot;:&quot;&quot;,&quot;show_delay&quot;:300,&quot;overlay_color&quot;:&quot;#000000&quot;,&quot;overlay_opacity&quot;:0.8,&quot;overlay_position&quot;:&quot;bottom&quot;,&quot;overlay_size&quot;:0.3,&quot;desktop_show_trigger&quot;:&quot;hover&quot;,&quot;touch_show_trigger&quot;:&quot;touch&quot;,&quot;responsive_breakpoint&quot;:&quot;1024px&quot;,&quot;responsive_breakpoint_unit&quot;:&quot;px&quot;,&quot;overlay_animation&quot;:&quot;fade&quot;,&quot;overlay_animation_onscreen&quot;:false,&quot;font_family&quot;:&quot;&quot;,&quot;text_size&quot;:&quot;15px&quot;,&quot;text_size_unit&quot;:&quot;px&quot;,&quot;text_color&quot;:&quot;#fff&quot;,&quot;text_padding&quot;:&quot;22px 22px 22px 22px&quot;,&quot;text_position&quot;:&quot;middle&quot;,&quot;text_align&quot;:&quot;left&quot;,&quot;text_animation&quot;:&quot;&quot;}\"\n\t\t>\n<div class=\"sow-image-container\">\n\t\t<img \n\tsrc=\"https:\/\/detransportcompagnon.nl\/wp-content\/uploads\/2021\/09\/SC-DTC-17-e1632919130220.jpg\" width=\"600\" height=\"371\" sizes=\"(max-width: 600px) 100vw, 600px\" alt=\"dtc schuifvloer 5\" \t\tclass=\"so-widget-image\"\/>\n\t<\/div>\n\n<\/div><\/div><\/div><\/div><\/div><div id=\"pg-4633-2\"  class=\"panel-grid panel-has-style\" ><div class=\"panel-row-style panel-row-style-for-4633-2\" ><div id=\"pgc-4633-2-0\"  class=\"panel-grid-cell\" ><div id=\"panel-4633-2-0-0\" class=\"so-panel widget widget_sow-image panel-first-child panel-last-child\" data-index=\"4\" ><div\n\t\t\t\n\t\t\tclass=\"so-widget-sow-image so-widget-sow-image-default-8b5b6f678277-4633\"\n\t\t\t data-overlay-enabled=\"1\" data-overlay-settings=\"{&quot;enabled_for_widgets&quot;:[&quot;sow-image&quot;,&quot;sow-image-grid&quot;,&quot;sow-simple-masonry&quot;],&quot;theme&quot;:&quot;&quot;,&quot;show_delay&quot;:300,&quot;overlay_color&quot;:&quot;#000000&quot;,&quot;overlay_opacity&quot;:0.8,&quot;overlay_position&quot;:&quot;bottom&quot;,&quot;overlay_size&quot;:0.3,&quot;desktop_show_trigger&quot;:&quot;hover&quot;,&quot;touch_show_trigger&quot;:&quot;touch&quot;,&quot;responsive_breakpoint&quot;:&quot;1024px&quot;,&quot;responsive_breakpoint_unit&quot;:&quot;px&quot;,&quot;overlay_animation&quot;:&quot;fade&quot;,&quot;overlay_animation_onscreen&quot;:false,&quot;font_family&quot;:&quot;&quot;,&quot;text_size&quot;:&quot;15px&quot;,&quot;text_size_unit&quot;:&quot;px&quot;,&quot;text_color&quot;:&quot;#fff&quot;,&quot;text_padding&quot;:&quot;22px 22px 22px 22px&quot;,&quot;text_position&quot;:&quot;middle&quot;,&quot;text_align&quot;:&quot;left&quot;,&quot;text_animation&quot;:&quot;&quot;}\"\n\t\t>\n<div class=\"sow-image-container\">\n\t\t<img \n\tsrc=\"https:\/\/detransportcompagnon.nl\/wp-content\/uploads\/2021\/09\/SC-DTC-10-e1632919977617.jpg\" width=\"600\" height=\"393\" sizes=\"(max-width: 600px) 100vw, 600px\" alt=\"dtc vrachtwagenchauffeur 4\" \t\tclass=\"so-widget-image\"\/>\n\t<\/div>\n\n<\/div><\/div><\/div><div id=\"pgc-4633-2-1\"  class=\"panel-grid-cell\" ><div id=\"panel-4633-2-1-0\" class=\"so-panel widget widget_sow-editor panel-first-child panel-last-child\" data-index=\"5\" ><div\n\t\t\t\n\t\t\tclass=\"so-widget-sow-editor so-widget-sow-editor-base\"\n\t\t\t\n\t\t>\n<div class=\"siteorigin-widget-tinymce textwidget\">\n\t<h1 style=\"text-align: left;\">People<\/h1>\n<p>Alle Fahrer werden nat\u00fcrlich nach Tarifvertrag bezahlt. Wir sorgen daf\u00fcr, dass sie ihre Schl\u00fcsselzahl 95 (\u201ecode 95\u201c) bekommen und \u00fcber die richtige pers\u00f6nliche Schutzausr\u00fcstung verf\u00fcgen, damit sie ihre Arbeit sicher ausf\u00fchren k\u00f6nnen. Sie haben bei uns ein Mitspracherecht, was die Anschaffung von Zugmaschinen und Aufliegern betrifft. Wir h\u00f6ren auf ihre W\u00fcnsche und lassen diese bei unseren Entscheidungen mit einflie\u00dfen.<\/p>\n<p>Bei uns war und ist eine Standklimaanlage bereits Standard. Unsere Fahrer halten die gesetzlich vorgeschrieben Lenk- und Ruhezeiten ein und verbringen im Allgemeinen die Wochenenden zu Hause. \u00dcber klare Absprachen und schnelle, pers\u00f6nliche Kommunikation tragen wir zu einem gesunden Gleichgewicht zwischen Arbeit und Privatleben bei. Zudem sind wir ein anerkannter Ausbildungsbetrieb und bauen so die n\u00e4chste Generation aus Fahrern, Planern, Verwaltungs- und Finanzmitarbeitern auf.<\/p>\n<\/div>\n<\/div><\/div><\/div><\/div><\/div><div id=\"pg-4633-3\"  class=\"panel-grid panel-has-style\" ><div class=\"panel-row-style panel-row-style-for-4633-3\" ><div id=\"pgc-4633-3-0\"  class=\"panel-grid-cell\" ><div id=\"panel-4633-3-0-0\" class=\"so-panel widget widget_sow-editor panel-first-child panel-last-child\" data-index=\"6\" ><div\n\t\t\t\n\t\t\tclass=\"so-widget-sow-editor so-widget-sow-editor-base\"\n\t\t\t\n\t\t>\n<div class=\"siteorigin-widget-tinymce textwidget\">\n\t<h1 style=\"text-align: left;\">Prosperity<\/h1>\n<p>Wir sind nat\u00fcrlich ein Unternehmen, das Gewinn machen m\u00f6chte, jedoch ist f\u00fcr uns auch der Weg dahin von Bedeutung. Wir versuchen, eine Arbeitsumgebung zu schaffen, in der die Menschen gerne arbeiten m\u00f6chten. Wir investieren in unsere Mitarbeiter und erf\u00fcllen soweit wie m\u00f6glich ihre Bed\u00fcrfnisse. \u00dcber Kurse und pers\u00f6nliche Begleitung tragen wir aktiv zu ihrer pers\u00f6nlichen Entwicklung bei. Dar\u00fcber hinaus sind wir immer bereit, auf ehrliche und transparente Weise mit unseren Kunden, aber auch mit anderen Unternehmen unserer Branche zusammenzuarbeiten. Wir sind fest davon \u00fcberzeugt, dass man gemeinsam mehr erreichen kann als alleine.<\/p>\n<\/div>\n<\/div><\/div><\/div><div id=\"pgc-4633-3-1\"  class=\"panel-grid-cell\" ><div id=\"panel-4633-3-1-0\" class=\"so-panel widget widget_sow-image panel-first-child panel-last-child\" data-index=\"7\" ><div\n\t\t\t\n\t\t\tclass=\"so-widget-sow-image so-widget-sow-image-default-8b5b6f678277-4633\"\n\t\t\t data-overlay-enabled=\"1\" data-overlay-settings=\"{&quot;enabled_for_widgets&quot;:[&quot;sow-image&quot;,&quot;sow-image-grid&quot;,&quot;sow-simple-masonry&quot;],&quot;theme&quot;:&quot;&quot;,&quot;show_delay&quot;:300,&quot;overlay_color&quot;:&quot;#000000&quot;,&quot;overlay_opacity&quot;:0.8,&quot;overlay_position&quot;:&quot;bottom&quot;,&quot;overlay_size&quot;:0.3,&quot;desktop_show_trigger&quot;:&quot;hover&quot;,&quot;touch_show_trigger&quot;:&quot;touch&quot;,&quot;responsive_breakpoint&quot;:&quot;1024px&quot;,&quot;responsive_breakpoint_unit&quot;:&quot;px&quot;,&quot;overlay_animation&quot;:&quot;fade&quot;,&quot;overlay_animation_onscreen&quot;:false,&quot;font_family&quot;:&quot;&quot;,&quot;text_size&quot;:&quot;15px&quot;,&quot;text_size_unit&quot;:&quot;px&quot;,&quot;text_color&quot;:&quot;#fff&quot;,&quot;text_padding&quot;:&quot;22px 22px 22px 22px&quot;,&quot;text_position&quot;:&quot;middle&quot;,&quot;text_align&quot;:&quot;left&quot;,&quot;text_animation&quot;:&quot;&quot;}\"\n\t\t>\n<div class=\"sow-image-container\">\n\t\t<img \n\tsrc=\"https:\/\/detransportcompagnon.nl\/wp-content\/uploads\/2021\/09\/SC-DTC-01-e1632920004678.jpg\" width=\"600\" height=\"388\" sizes=\"(max-width: 600px) 100vw, 600px\" alt=\"dtc vervoer van houtsnippers\" \t\tclass=\"so-widget-image\"\/>\n\t<\/div>\n\n<\/div><\/div><\/div><\/div><\/div><\/div>","protected":false},"excerpt":{"rendered":"<p>Der Transport-Partner &amp; CSR F\u00fcr optimales Wohlbefinden der Menschen und aus Umweltschutzgr\u00fcnden achten wir auf die folgenden 3 S\u00e4ulen: Planet Wir fahren keine Zugmaschinen unter der EURO-VI-Norm. Unsere Fahrer erhalten jedes Jahr ein Fahrtraining und werden w\u00f6chentlich \u00fcber ihre Leistungen beim Kraftstoffverbrauch informiert. Gleichzeitig setzen wir auch Zugmaschinen ein, die ausschlie\u00dflich mit dem nicht fossilen [&hellip;]<\/p>\n","protected":false},"author":4,"featured_media":0,"parent":0,"menu_order":0,"comment_status":"closed","ping_status":"closed","template":"","meta":{"_acf_changed":false,"_genesis_hide_title":false,"_genesis_hide_breadcrumbs":false,"_genesis_hide_singular_image":false,"_genesis_hide_footer_widgets":false,"_genesis_custom_body_class":"","_genesis_custom_post_class":"","_genesis_layout":"","footnotes":""},"class_list":{"0":"post-4633","1":"page","2":"type-page","3":"status-publish","5":"entry"},"acf":[],"_links":{"self":[{"href":"https:\/\/detransportcompagnon.nl\/de\/wp-json\/wp\/v2\/pages\/4633","targetHints":{"allow":["GET"]}}],"collection":[{"href":"https:\/\/detransportcompagnon.nl\/de\/wp-json\/wp\/v2\/pages"}],"about":[{"href":"https:\/\/detransportcompagnon.nl\/de\/wp-json\/wp\/v2\/types\/page"}],"author":[{"embeddable":true,"href":"https:\/\/detransportcompagnon.nl\/de\/wp-json\/wp\/v2\/users\/4"}],"replies":[{"embeddable":true,"href":"https:\/\/detransportcompagnon.nl\/de\/wp-json\/wp\/v2\/comments?post=4633"}],"version-history":[{"count":0,"href":"https:\/\/detransportcompagnon.nl\/de\/wp-json\/wp\/v2\/pages\/4633\/revisions"}],"wp:attachment":[{"href":"https:\/\/detransportcompagnon.nl\/de\/wp-json\/wp\/v2\/media?parent=4633"}],"curies":[{"name":"wp","href":"https:\/\/api.w.org\/{rel}","templated":true}]}}