{"id":4641,"date":"2021-01-21T14:33:05","date_gmt":"2021-01-21T13:33:05","guid":{"rendered":"http:\/\/detransportcompagnon.nl\/schubboden\/"},"modified":"2025-05-07T12:30:47","modified_gmt":"2025-05-07T10:30:47","slug":"schubboden","status":"publish","type":"page","link":"https:\/\/detransportcompagnon.nl\/de\/dienstleistungen\/schubboden\/","title":{"rendered":"Schubboden \u2013 Walking floor transport"},"content":{"rendered":"<div id=\"pl-4641\"  class=\"panel-layout\" ><div id=\"pg-4641-0\"  class=\"panel-grid panel-has-style\" ><div class=\"panel-row-style panel-row-style-for-4641-0\" ><div id=\"pgc-4641-0-0\"  class=\"panel-grid-cell\" ><div id=\"panel-4641-0-0-0\" class=\"so-panel widget widget_sow-editor panel-first-child\" data-index=\"0\" ><div\n\t\t\t\n\t\t\tclass=\"so-widget-sow-editor so-widget-sow-editor-base\"\n\t\t\t\n\t\t>\n<div class=\"siteorigin-widget-tinymce textwidget\">\n\t<h1>shubboden - walking floor transport<\/h1>\n<p>Dieser Auflieger ist besonders gut f\u00fcr den Transport von Sch\u00fcttgut, Ballen, Rollen, Paletten und Big Bags geeignet.<\/p>\n<p>Ein gro\u00dfer Vorteil besteht darin, dass der Auflieger sich selbst be- und entladen kann. Damit kann das Fahrzeug auch an Orten entladen werden, an denen dies mit einem Kipper oder Containerauflieger nicht m\u00f6glich ist.<\/p>\n<\/div>\n<\/div><\/div><div id=\"panel-4641-0-0-1\" class=\"so-panel widget widget_sow-button panel-last-child\" data-index=\"1\" ><div\n\t\t\t\n\t\t\tclass=\"so-widget-sow-button so-widget-sow-button-flat-d53eb595966c-4641\"\n\t\t\t\n\t\t><div class=\"ow-button-base ow-button-align-left\"\n>\n\t\t\t<a\n\t\t\t\t\thref=\"https:\/\/detransportcompagnon.nl\/de\/angebot\/\"\n\t\t\t\t\tclass=\"sowb-button ow-icon-placement-left ow-button-hover\" \t>\n\t\t<span>\n\t\t\t\n\t\t\tANGEBOT ANFORDERN\t\t<\/span>\n\t\t\t<\/a>\n\t<\/div>\n<\/div><\/div><\/div><div id=\"pgc-4641-0-1\"  class=\"panel-grid-cell\" ><div id=\"panel-4641-0-1-0\" class=\"so-panel widget widget_sow-image panel-first-child panel-last-child\" data-index=\"2\" ><div\n\t\t\t\n\t\t\tclass=\"so-widget-sow-image so-widget-sow-image-default-8b5b6f678277-4641\"\n\t\t\t data-overlay-enabled=\"1\" data-overlay-settings=\"{&quot;enabled_for_widgets&quot;:[&quot;sow-image&quot;,&quot;sow-image-grid&quot;,&quot;sow-simple-masonry&quot;],&quot;theme&quot;:&quot;&quot;,&quot;show_delay&quot;:300,&quot;overlay_color&quot;:&quot;#000000&quot;,&quot;overlay_opacity&quot;:0.8,&quot;overlay_position&quot;:&quot;bottom&quot;,&quot;overlay_size&quot;:0.3,&quot;desktop_show_trigger&quot;:&quot;hover&quot;,&quot;touch_show_trigger&quot;:&quot;touch&quot;,&quot;responsive_breakpoint&quot;:&quot;1024px&quot;,&quot;responsive_breakpoint_unit&quot;:&quot;px&quot;,&quot;overlay_animation&quot;:&quot;fade&quot;,&quot;overlay_animation_onscreen&quot;:false,&quot;font_family&quot;:&quot;&quot;,&quot;text_size&quot;:&quot;15px&quot;,&quot;text_size_unit&quot;:&quot;px&quot;,&quot;text_color&quot;:&quot;#fff&quot;,&quot;text_padding&quot;:&quot;22px 22px 22px 22px&quot;,&quot;text_position&quot;:&quot;middle&quot;,&quot;text_align&quot;:&quot;left&quot;,&quot;text_animation&quot;:&quot;&quot;}\"\n\t\t>\n<div class=\"sow-image-container\">\n\t\t<img \n\tsrc=\"https:\/\/detransportcompagnon.nl\/wp-content\/uploads\/2021\/09\/SC-DTC-05-e1633610396273.jpg\" width=\"600\" height=\"366\" sizes=\"(max-width: 600px) 100vw, 600px\" alt=\"dtc schuifvloer 5\" \t\tclass=\"so-widget-image\"\/>\n\t<\/div>\n\n<\/div><\/div><\/div><\/div><\/div><div id=\"pg-4641-1\"  class=\"panel-grid panel-has-style\" ><div class=\"siteorigin-panels-stretch panel-row-style panel-row-style-for-4641-1\" data-stretch-type=\"full\" ><div id=\"pgc-4641-1-0\"  class=\"panel-grid-cell\" ><div id=\"panel-4641-1-0-0\" class=\"so-panel widget widget_sow-headline panel-first-child panel-last-child\" data-index=\"3\" ><div\n\t\t\t\n\t\t\tclass=\"so-widget-sow-headline so-widget-sow-headline-default-a7238520cc24-4641\"\n\t\t\t\n\t\t><div class=\"sow-headline-container \">\n\t\t\t\t\t\t\t<h2 class=\"sow-headline\">\n\t\t\t\t\t\tWie wird er eingesetzt?\t\t\t\t\t\t<\/h2>\n\t\t\t\t\t\t\t\t\t\t\t<div class=\"decoration\">\n\t\t\t\t\t\t<div class=\"decoration-inside\"><\/div>\n\t\t\t\t\t<\/div>\n\t\t\t\t\t<\/div>\n<\/div><\/div><\/div><\/div><\/div><div id=\"pg-4641-2\"  class=\"panel-grid panel-has-style\" ><div class=\"siteorigin-panels-stretch panel-row-style panel-row-style-for-4641-2\" data-stretch-type=\"full\" ><div id=\"pgc-4641-2-0\"  class=\"panel-grid-cell\" ><div id=\"panel-4641-2-0-0\" class=\"so-panel widget widget_sow-editor panel-first-child panel-last-child\" data-index=\"4\" ><div class=\"checkbox-ul  panel-widget-style panel-widget-style-for-4641-2-0-0\" ><div\n\t\t\t\n\t\t\tclass=\"so-widget-sow-editor so-widget-sow-editor-base\"\n\t\t\t\n\t\t>\n<div class=\"siteorigin-widget-tinymce textwidget\">\n\t<p>Dieser vielseitige Auflieger hat einen festen Platz in unserer Fahrzeugflotte und bildet eine solide Grundlage f\u00fcr unsere Dienstleistungen.<\/p>\n<p>War der Schubboden in den neunziger Jahren noch relativ neu, ist er mittlerweile aus unserer Branche nicht mehr wegzudenken. Der Auflieger ist vielseitig einsetzbar und kann sowohl von oben als auch von hinten geladen werden.<\/p>\n<p>Dieses Fahrzeug ist besonders gut f\u00fcr den Transport von Sch\u00fcttgut, Ballen, Rollen, Paletten und Big Bags geeignet.<\/p>\n<p>Die Fracht kann vom Auflieger selbstst\u00e4ndig geladen werden, indem sie in den Laderaum hineingezogen wird, und sie kann einfach abgeladen werden, ohne dass der Laderaum gekippt werden muss. Damit kann das Fahrzeug auch an Orten entladen werden, an denen dies mit einem Kipper oder <span style=\"text-decoration: underline;\"><a href=\"http:\/\/detransportcompagnon.nl\/de\/containerauflieger\/\">Containerauflieger<\/a><\/span> nicht m\u00f6glich ist. M\u00f6glich wird dies durch hydraulisch angetriebene Bodenlamellen in Kombination mit einem beweglichen Schott.<\/p>\n<p>In unserer Ausf\u00fchrung verf\u00fcgt das Fahrzeug \u00fcber einen Aluminium-Laderaum mit einem Volumen von mindestens 90\u00a0m3, leichte Aluminiumfelgen, einen Seitenwandschutz gegen Verschmutzungen beim Laden, R\u00fcckfahrkamera, Arbeitsleuchten rundherum und im Laderaum; zudem sind die W\u00e4nde verst\u00e4rkt, um Besch\u00e4digungen beim Be- und Entladen zu verhindern.<\/p>\n<p>Dar\u00fcber hinaus k\u00f6nnen einige unserer Auflieger auch Fl\u00fcssigkeiten auffangen. Solche Auflieger werden beispielsweise f\u00fcr den Transport \u00f6lhaltiger Stoffe eingesetzt, die zuvor mit fl\u00fcssigkeitsdichten Kippern transportiert werden mussten.<\/p>\n<p><span style=\"text-decoration: underline;\"><a href=\"http:\/\/detransportcompagnon.nl\/de\/angebot\/\">Fordern Sie hier Ihr Angebot an &gt;<\/a><\/span><\/p>\n<\/div>\n<\/div><\/div><\/div><\/div><div id=\"pgc-4641-2-1\"  class=\"panel-grid-cell\" ><div id=\"panel-4641-2-1-0\" class=\"widget_text so-panel widget widget_custom_html panel-first-child panel-last-child\" data-index=\"5\" ><div class=\"textwidget custom-html-widget\"><iframe width=\"560\" height=\"315\" src=\"https:\/\/www.youtube.com\/embed\/YkYVYRxiMPM\" frameborder=\"0\" allow=\"accelerometer; autoplay; clipboard-write; encrypted-media; gyroscope; picture-in-picture\" allowfullscreen><\/iframe><\/div><\/div><\/div><\/div><\/div><div id=\"pg-4641-3\"  class=\"panel-grid panel-has-style\" ><div class=\"siteorigin-panels-stretch panel-row-style panel-row-style-for-4641-3\" data-stretch-type=\"full\" ><div id=\"pgc-4641-3-0\"  class=\"panel-grid-cell\" ><div id=\"panel-4641-3-0-0\" class=\"so-panel widget widget_sow-headline panel-first-child panel-last-child\" data-index=\"6\" ><div\n\t\t\t\n\t\t\tclass=\"so-widget-sow-headline so-widget-sow-headline-default-40d925011d57-4641\"\n\t\t\t\n\t\t><div class=\"sow-headline-container \">\n\t\t\t\t\t\t\t<h1 class=\"sow-headline\">\n\t\t\t\t\t\tKontakt\t\t\t\t\t\t<\/h1>\n\t\t\t\t\t\t<\/div>\n<\/div><\/div><\/div><\/div><\/div><div id=\"pg-4641-4\"  class=\"panel-grid panel-has-style\" ><div class=\"siteorigin-panels-stretch panel-row-style panel-row-style-for-4641-4\" data-stretch-type=\"full\" ><div id=\"pgc-4641-4-0\"  class=\"panel-grid-cell\" ><div id=\"panel-4641-4-0-0\" class=\"so-panel widget widget_sow-image panel-first-child\" data-index=\"7\" ><div\n\t\t\t\n\t\t\tclass=\"so-widget-sow-image so-widget-sow-image-default-c67d20f9f743-4641\"\n\t\t\t data-overlay-enabled=\"1\" data-overlay-settings=\"{&quot;enabled_for_widgets&quot;:[&quot;sow-image&quot;,&quot;sow-image-grid&quot;,&quot;sow-simple-masonry&quot;],&quot;theme&quot;:&quot;&quot;,&quot;show_delay&quot;:300,&quot;overlay_color&quot;:&quot;#000000&quot;,&quot;overlay_opacity&quot;:0.8,&quot;overlay_position&quot;:&quot;bottom&quot;,&quot;overlay_size&quot;:0.3,&quot;desktop_show_trigger&quot;:&quot;hover&quot;,&quot;touch_show_trigger&quot;:&quot;touch&quot;,&quot;responsive_breakpoint&quot;:&quot;1024px&quot;,&quot;responsive_breakpoint_unit&quot;:&quot;px&quot;,&quot;overlay_animation&quot;:&quot;fade&quot;,&quot;overlay_animation_onscreen&quot;:false,&quot;font_family&quot;:&quot;&quot;,&quot;text_size&quot;:&quot;15px&quot;,&quot;text_size_unit&quot;:&quot;px&quot;,&quot;text_color&quot;:&quot;#fff&quot;,&quot;text_padding&quot;:&quot;22px 22px 22px 22px&quot;,&quot;text_position&quot;:&quot;middle&quot;,&quot;text_align&quot;:&quot;left&quot;,&quot;text_animation&quot;:&quot;&quot;}\"\n\t\t>\n<div class=\"sow-image-container\">\n\t\t<img \n\tsrc=\"https:\/\/detransportcompagnon.nl\/wp-content\/uploads\/2024\/01\/Loud-vd-West-600x400.jpg\" width=\"600\" height=\"400\" srcset=\"https:\/\/detransportcompagnon.nl\/wp-content\/uploads\/2024\/01\/Loud-vd-West-600x400.jpg 600w, https:\/\/detransportcompagnon.nl\/wp-content\/uploads\/2024\/01\/Loud-vd-West-272x182.jpg 272w\" sizes=\"(max-width: 600px) 100vw, 600px\" title=\"Loud vd West\" alt=\"\" \t\tclass=\"so-widget-image\"\/>\n\t<\/div>\n\n<\/div><\/div><div id=\"panel-4641-4-0-1\" class=\"so-panel widget widget_sow-editor panel-last-child\" data-index=\"8\" ><div\n\t\t\t\n\t\t\tclass=\"so-widget-sow-editor so-widget-sow-editor-base\"\n\t\t\t\n\t\t>\n<div class=\"siteorigin-widget-tinymce textwidget\">\n\t<h3 style=\"text-align: center;\">Louw van der west<\/h3>\n<p style=\"text-align: center;\">Finanzdirektor<\/p>\n<p style=\"text-align: center;\"><span style=\"text-decoration: underline;\"><a href=\"mailto:Louw@dtcsurhuisterveen.nl\">Louw@dtcsurhuisterveen.nl<\/a><\/span><\/p>\n<\/div>\n<\/div><\/div><\/div><div id=\"pgc-4641-4-1\"  class=\"panel-grid-cell\" ><div id=\"panel-4641-4-1-0\" class=\"so-panel widget widget_sow-image panel-first-child\" data-index=\"9\" ><div\n\t\t\t\n\t\t\tclass=\"so-widget-sow-image so-widget-sow-image-default-c67d20f9f743-4641\"\n\t\t\t data-overlay-enabled=\"1\" data-overlay-settings=\"{&quot;enabled_for_widgets&quot;:[&quot;sow-image&quot;,&quot;sow-image-grid&quot;,&quot;sow-simple-masonry&quot;],&quot;theme&quot;:&quot;&quot;,&quot;show_delay&quot;:300,&quot;overlay_color&quot;:&quot;#000000&quot;,&quot;overlay_opacity&quot;:0.8,&quot;overlay_position&quot;:&quot;bottom&quot;,&quot;overlay_size&quot;:0.3,&quot;desktop_show_trigger&quot;:&quot;hover&quot;,&quot;touch_show_trigger&quot;:&quot;touch&quot;,&quot;responsive_breakpoint&quot;:&quot;1024px&quot;,&quot;responsive_breakpoint_unit&quot;:&quot;px&quot;,&quot;overlay_animation&quot;:&quot;fade&quot;,&quot;overlay_animation_onscreen&quot;:false,&quot;font_family&quot;:&quot;&quot;,&quot;text_size&quot;:&quot;15px&quot;,&quot;text_size_unit&quot;:&quot;px&quot;,&quot;text_color&quot;:&quot;#fff&quot;,&quot;text_padding&quot;:&quot;22px 22px 22px 22px&quot;,&quot;text_position&quot;:&quot;middle&quot;,&quot;text_align&quot;:&quot;left&quot;,&quot;text_animation&quot;:&quot;&quot;}\"\n\t\t>\n<div class=\"sow-image-container\">\n\t\t<img \n\tsrc=\"https:\/\/detransportcompagnon.nl\/wp-content\/uploads\/2024\/01\/Tom-Bartol-600x400.jpg\" width=\"600\" height=\"400\" srcset=\"https:\/\/detransportcompagnon.nl\/wp-content\/uploads\/2024\/01\/Tom-Bartol-600x400.jpg 600w, https:\/\/detransportcompagnon.nl\/wp-content\/uploads\/2024\/01\/Tom-Bartol-272x182.jpg 272w\" sizes=\"(max-width: 600px) 100vw, 600px\" title=\"Tom Bartol\" alt=\"\" \t\tclass=\"so-widget-image\"\/>\n\t<\/div>\n\n<\/div><\/div><div id=\"panel-4641-4-1-1\" class=\"so-panel widget widget_sow-editor panel-last-child\" data-index=\"10\" ><div\n\t\t\t\n\t\t\tclass=\"so-widget-sow-editor so-widget-sow-editor-base\"\n\t\t\t\n\t\t>\n<div class=\"siteorigin-widget-tinymce textwidget\">\n\t<h3 style=\"text-align: center;\">Tom bartol<\/h3>\n<p style=\"text-align: center;\">Planung<\/p>\n<p style=\"text-align: center;\"><span style=\"text-decoration: underline;\"><a href=\"mailto:tom@dtcsurhuisterveen.nl\">Tom@dtcsurhuisterveen.nl<\/a><\/span><\/p>\n<\/div>\n<\/div><\/div><\/div><\/div><\/div><div id=\"pg-4641-5\"  class=\"panel-grid panel-has-style\" ><div class=\"siteorigin-panels-stretch panel-row-style panel-row-style-for-4641-5\" data-stretch-type=\"full-width-stretch\" ><div id=\"pgc-4641-5-0\"  class=\"panel-grid-cell\" ><div id=\"panel-4641-5-0-0\" class=\"so-panel widget widget_so-premium-mirror-widget panel-first-child panel-last-child\" data-index=\"11\" ><div\n\t\t\t\n\t\t\tclass=\"so-widget-so-premium-mirror-widget so-widget-so-premium-mirror-widget-default-d75171398898-4641\"\n\t\t\t\n\t\t><\/div><\/div><\/div><\/div><\/div><\/div>","protected":false},"excerpt":{"rendered":"<p>shubboden &#8211; walking floor transport Dieser Auflieger ist besonders gut f\u00fcr den Transport von Sch\u00fcttgut, Ballen, Rollen, Paletten und Big Bags geeignet. Ein gro\u00dfer Vorteil besteht darin, dass der Auflieger sich selbst be- und entladen kann. Damit kann das Fahrzeug auch an Orten entladen werden, an denen dies mit einem Kipper oder Containerauflieger nicht m\u00f6glich [&hellip;]<\/p>\n","protected":false},"author":4,"featured_media":0,"parent":4627,"menu_order":0,"comment_status":"closed","ping_status":"closed","template":"","meta":{"_acf_changed":false,"_genesis_hide_title":false,"_genesis_hide_breadcrumbs":false,"_genesis_hide_singular_image":false,"_genesis_hide_footer_widgets":false,"_genesis_custom_body_class":"","_genesis_custom_post_class":"","_genesis_layout":"","footnotes":""},"class_list":{"0":"post-4641","1":"page","2":"type-page","3":"status-publish","5":"entry"},"acf":[],"_links":{"self":[{"href":"https:\/\/detransportcompagnon.nl\/de\/wp-json\/wp\/v2\/pages\/4641","targetHints":{"allow":["GET"]}}],"collection":[{"href":"https:\/\/detransportcompagnon.nl\/de\/wp-json\/wp\/v2\/pages"}],"about":[{"href":"https:\/\/detransportcompagnon.nl\/de\/wp-json\/wp\/v2\/types\/page"}],"author":[{"embeddable":true,"href":"https:\/\/detransportcompagnon.nl\/de\/wp-json\/wp\/v2\/users\/4"}],"replies":[{"embeddable":true,"href":"https:\/\/detransportcompagnon.nl\/de\/wp-json\/wp\/v2\/comments?post=4641"}],"version-history":[{"count":0,"href":"https:\/\/detransportcompagnon.nl\/de\/wp-json\/wp\/v2\/pages\/4641\/revisions"}],"up":[{"embeddable":true,"href":"https:\/\/detransportcompagnon.nl\/de\/wp-json\/wp\/v2\/pages\/4627"}],"wp:attachment":[{"href":"https:\/\/detransportcompagnon.nl\/de\/wp-json\/wp\/v2\/media?parent=4641"}],"curies":[{"name":"wp","href":"https:\/\/api.w.org\/{rel}","templated":true}]}}